{"id":2251,"date":"2026-04-16T04:14:45","date_gmt":"2026-04-16T02:14:45","guid":{"rendered":"https:\/\/medioscomunicaciones.cl\/e\/?page_id=2251"},"modified":"2026-04-16T04:52:16","modified_gmt":"2026-04-16T02:52:16","slug":"salmonmeets","status":"publish","type":"page","link":"https:\/\/salmonmeets.cl\/e\/index.php\/salmonmeets\/","title":{"rendered":"Salmonmeets"},"content":{"rendered":"\t\t<div data-elementor-type=\"wp-page\" data-elementor-id=\"2251\" class=\"elementor elementor-2251\">\n\t\t\t\t<div class=\"elementor-element elementor-element-005cdff e-flex e-con-boxed wpr-particle-no wpr-jarallax-no wpr-parallax-no wpr-sticky-section-no wpr-equal-height-no e-con e-parent\" data-id=\"005cdff\" data-element_type=\"container\" data-e-type=\"container\">\n\t\t\t\t\t<div class=\"e-con-inner\">\n\t\t\t\t<div class=\"elementor-element elementor-element-9a5eb68 elementor-widget elementor-widget-heading\" data-id=\"9a5eb68\" data-element_type=\"widget\" data-e-type=\"widget\" data-widget_type=\"heading.default\">\n\t\t\t\t\t<h2 class=\"elementor-heading-title elementor-size-default\">Qui\u00e9nes somos<\/h2>\t\t\t\t<\/div>\n\t\t\t\t\t<\/div>\n\t\t\t\t<\/div>\n\t\t<div class=\"elementor-element elementor-element-49e17a5 e-flex e-con-boxed wpr-particle-no wpr-jarallax-no wpr-parallax-no wpr-sticky-section-no wpr-equal-height-no e-con e-parent\" data-id=\"49e17a5\" data-element_type=\"container\" data-e-type=\"container\">\n\t\t\t\t\t<div class=\"e-con-inner\">\n\t\t<div class=\"elementor-element elementor-element-923e535 e-con-full e-flex wpr-particle-no wpr-jarallax-no wpr-parallax-no wpr-sticky-section-no wpr-equal-height-no e-con e-child\" data-id=\"923e535\" data-element_type=\"container\" data-e-type=\"container\">\n\t\t\t\t<div class=\"elementor-element elementor-element-4f504c4 elementor-widget elementor-widget-text-editor\" data-id=\"4f504c4\" data-element_type=\"widget\" data-e-type=\"widget\" data-widget_type=\"text-editor.default\">\n\t\t\t\t\t\t\t\t\t<h4>Salmon Meets es parte de Mundo Acu\u00edcola, medio de comunicaci\u00f3n de la industria salmonera nacional con 26 a\u00f1os de trayectoria, desde la regi\u00f3n de Los Lagos, para Chile y el mundo. Es el principal espacio de encuentro estrat\u00e9gico de la acuicultura chilena, convocando a autoridades, l\u00edderes empresariales y representantes del sector, en diversas instancias orientadas al di\u00e1logo y proyecci\u00f3n de la industria, desarrolladas al m\u00e1s alto nivel.<\/h4>\t\t\t\t\t\t\t\t<\/div>\n\t\t\t\t<\/div>\n\t\t<div class=\"elementor-element elementor-element-c0e8ddf e-con-full e-flex wpr-particle-no wpr-jarallax-no wpr-parallax-no wpr-sticky-section-no wpr-equal-height-no e-con e-child\" data-id=\"c0e8ddf\" data-element_type=\"container\" data-e-type=\"container\">\n\t\t\t\t<div class=\"elementor-element elementor-element-c677ee9 elementor-widget elementor-widget-image\" data-id=\"c677ee9\" data-element_type=\"widget\" data-e-type=\"widget\" data-widget_type=\"image.default\">\n\t\t\t\t\t\t\t\t\t\t\t\t\t\t\t<img fetchpriority=\"high\" decoding=\"async\" width=\"240\" height=\"300\" src=\"https:\/\/salmonmeets.cl\/e\/wp-content\/uploads\/2026\/04\/b5091ca9-354e-4eaa-b110-47b066a3e8e1-240x300.jpg\" class=\"attachment-medium size-medium wp-image-2222\" alt=\"\" srcset=\"https:\/\/salmonmeets.cl\/e\/wp-content\/uploads\/2026\/04\/b5091ca9-354e-4eaa-b110-47b066a3e8e1-240x300.jpg 240w, https:\/\/salmonmeets.cl\/e\/wp-content\/uploads\/2026\/04\/b5091ca9-354e-4eaa-b110-47b066a3e8e1-819x1024.jpg 819w, https:\/\/salmonmeets.cl\/e\/wp-content\/uploads\/2026\/04\/b5091ca9-354e-4eaa-b110-47b066a3e8e1-768x960.jpg 768w, https:\/\/salmonmeets.cl\/e\/wp-content\/uploads\/2026\/04\/b5091ca9-354e-4eaa-b110-47b066a3e8e1-600x750.jpg 600w, https:\/\/salmonmeets.cl\/e\/wp-content\/uploads\/2026\/04\/b5091ca9-354e-4eaa-b110-47b066a3e8e1.jpg 1024w\" sizes=\"(max-width: 240px) 100vw, 240px\" \/>\t\t\t\t\t\t\t\t\t\t\t\t\t\t\t<\/div>\n\t\t\t\t<\/div>\n\t\t\t\t\t<\/div>\n\t\t\t\t<\/div>\n\t\t\t\t<\/div>\n\t\t","protected":false},"excerpt":{"rendered":"<p>Qui\u00e9nes somos Salmon Meets es parte de Mundo Acu\u00edcola, medio de comunicaci\u00f3n de la industria salmonera nacional con 26 a\u00f1os de trayectoria, desde la regi\u00f3n de Los Lagos, para Chile y el mundo. Es el principal espacio de encuentro estrat\u00e9gico de la acuicultura chilena, convocando a autoridades, l\u00edderes empresariales y representantes del sector, en diversas instancias orientadas al di\u00e1logo y proyecci\u00f3n de la industria, desarrolladas al m\u00e1s alto nivel.<\/p>\n","protected":false},"author":1,"featured_media":0,"parent":0,"menu_order":0,"comment_status":"closed","ping_status":"closed","template":"","meta":{"site-sidebar-layout":"no-sidebar","site-content-layout":"","ast-site-content-layout":"full-width-container","site-content-style":"default","site-sidebar-style":"default","ast-global-header-display":"","ast-banner-title-visibility":"","ast-main-header-display":"","ast-hfb-above-header-display":"","ast-hfb-below-header-display":"","ast-hfb-mobile-header-display":"","site-post-title":"","ast-breadcrumbs-content":"","ast-featured-img":"disabled","footer-sml-layout":"","ast-disable-related-posts":"","theme-transparent-header-meta":"default","adv-header-id-meta":"","stick-header-meta":"","header-above-stick-meta":"","header-main-stick-meta":"","header-below-stick-meta":"","astra-migrate-meta-layouts":"set","ast-page-background-enabled":"default","ast-page-background-meta":{"desktop":{"background-color":"var(--ast-global-color-5)","background-image":"","background-repeat":"repeat","background-position":"center center","background-size":"auto","background-attachment":"scroll","background-type":"","background-media":"","overlay-type":"","overlay-color":"","overlay-opacity":"","overlay-gradient":""},"tablet":{"background-color":"","background-image":"","background-repeat":"repeat","background-position":"center center","background-size":"auto","background-attachment":"scroll","background-type":"","background-media":"","overlay-type":"","overlay-color":"","overlay-opacity":"","overlay-gradient":""},"mobile":{"background-color":"","background-image":"","background-repeat":"repeat","background-position":"center center","background-size":"auto","background-attachment":"scroll","background-type":"","background-media":"","overlay-type":"","overlay-color":"","overlay-opacity":"","overlay-gradient":""}},"ast-content-background-meta":{"desktop":{"background-color":"var(--ast-global-color-4)","background-image":"","background-repeat":"repeat","background-position":"center center","background-size":"auto","background-attachment":"scroll","background-type":"","background-media":"","overlay-type":"","overlay-color":"","overlay-opacity":"","overlay-gradient":""},"tablet":{"background-color":"var(--ast-global-color-4)","background-image":"","background-repeat":"repeat","background-position":"center center","background-size":"auto","background-attachment":"scroll","background-type":"","background-media":"","overlay-type":"","overlay-color":"","overlay-opacity":"","overlay-gradient":""},"mobile":{"background-color":"var(--ast-global-color-4)","background-image":"","background-repeat":"repeat","background-position":"center center","background-size":"auto","background-attachment":"scroll","background-type":"","background-media":"","overlay-type":"","overlay-color":"","overlay-opacity":"","overlay-gradient":""}},"footnotes":""},"class_list":["post-2251","page","type-page","status-publish","hentry"],"_links":{"self":[{"href":"https:\/\/salmonmeets.cl\/e\/index.php\/wp-json\/wp\/v2\/pages\/2251","targetHints":{"allow":["GET"]}}],"collection":[{"href":"https:\/\/salmonmeets.cl\/e\/index.php\/wp-json\/wp\/v2\/pages"}],"about":[{"href":"https:\/\/salmonmeets.cl\/e\/index.php\/wp-json\/wp\/v2\/types\/page"}],"author":[{"embeddable":true,"href":"https:\/\/salmonmeets.cl\/e\/index.php\/wp-json\/wp\/v2\/users\/1"}],"replies":[{"embeddable":true,"href":"https:\/\/salmonmeets.cl\/e\/index.php\/wp-json\/wp\/v2\/comments?post=2251"}],"version-history":[{"count":16,"href":"https:\/\/salmonmeets.cl\/e\/index.php\/wp-json\/wp\/v2\/pages\/2251\/revisions"}],"predecessor-version":[{"id":2288,"href":"https:\/\/salmonmeets.cl\/e\/index.php\/wp-json\/wp\/v2\/pages\/2251\/revisions\/2288"}],"wp:attachment":[{"href":"https:\/\/salmonmeets.cl\/e\/index.php\/wp-json\/wp\/v2\/media?parent=2251"}],"curies":[{"name":"wp","href":"https:\/\/api.w.org\/{rel}","templated":true}]}}